{"id":175,"date":"2024-08-01T14:57:54","date_gmt":"2024-08-01T13:57:54","guid":{"rendered":"https:\/\/workshift.eu\/?page_id=175"},"modified":"2024-08-01T15:50:32","modified_gmt":"2024-08-01T14:50:32","slug":"blog","status":"publish","type":"page","link":"https:\/\/workshift.eu\/index.php\/blog\/","title":{"rendered":"Blog"},"content":{"rendered":"\n<div class=\"wp-block-group has-white-background-color has-background is-layout-flow wp-block-group-is-layout-flow\" style=\"padding-top:var(--wp--preset--spacing--80);padding-right:0;padding-bottom:var(--wp--preset--spacing--80);padding-left:0\">\n<div class=\"wp-block-buttons is-content-justification-center is-layout-flex wp-container-core-buttons-is-layout-a89b3969 wp-block-buttons-is-layout-flex\">\n<div class=\"wp-block-button has-custom-width wp-block-button__width-100\"><a class=\"wp-block-button__link wp-element-button\">JETZT 30 Tage testen<\/a><\/div>\n\n\n\n<div class=\"wp-block-button has-custom-width wp-block-button__width-100\"><a class=\"wp-block-button__link wp-element-button\">oder R\u00fcckruf vereinbaren<\/a><\/div>\n<\/div>\n<\/div>\n\n\n<ul class=\"wp-block-latest-posts__list has-dates wp-block-latest-posts\"><li><div class=\"wp-block-latest-posts__featured-image alignleft\"><a href=\"https:\/\/workshift.eu\/index.php\/2024\/08\/01\/neue-version-von-workshift-effizientes-mitarbeiter-management-und-mehr\/\" aria-label=\"Neue Version von Workshift: Effizientes Mitarbeiter-Management und mehr\"><img loading=\"lazy\" decoding=\"async\" width=\"150\" height=\"150\" src=\"https:\/\/workshift.eu\/wp-content\/uploads\/2024\/08\/51e57ebab19650cdff1acc0ceebcf5bb.webp-Kopie-150x150.jpg\" class=\"attachment-thumbnail size-thumbnail wp-post-image\" alt=\"\" style=\"\" srcset=\"https:\/\/workshift.eu\/wp-content\/uploads\/2024\/08\/51e57ebab19650cdff1acc0ceebcf5bb.webp-Kopie-150x150.jpg 150w, https:\/\/workshift.eu\/wp-content\/uploads\/2024\/08\/51e57ebab19650cdff1acc0ceebcf5bb.webp-Kopie-300x300.jpg 300w, https:\/\/workshift.eu\/wp-content\/uploads\/2024\/08\/51e57ebab19650cdff1acc0ceebcf5bb.webp-Kopie-768x768.jpg 768w, https:\/\/workshift.eu\/wp-content\/uploads\/2024\/08\/51e57ebab19650cdff1acc0ceebcf5bb.webp-Kopie.jpg 1024w\" sizes=\"auto, (max-width: 150px) 100vw, 150px\" \/><\/a><\/div><a class=\"wp-block-latest-posts__post-title\" href=\"https:\/\/workshift.eu\/index.php\/2024\/08\/01\/neue-version-von-workshift-effizientes-mitarbeiter-management-und-mehr\/\">Neue Version von Workshift: Effizientes Mitarbeiter-Management und mehr<\/a><time datetime=\"2024-08-01T15:17:36+01:00\" class=\"wp-block-latest-posts__post-date\">1. August 2024<\/time><div class=\"wp-block-latest-posts__post-excerpt\">Die neue Version von Workshift.eu bietet ein effizientes Mitarbeiter-Check-In-System und einen individuell anpassbaren Feiertagskalender. Weitere Verbesserungen umfassen filterbare Auswahllisten, Performance-Optimierungen und Fehlerbehebungen. Diese Updates optimieren die Personalverwaltung, reduzieren den Verwaltungsaufwand und steigern die Produktivit\u00e4t durch innovative L\u00f6sungen und eine benutzerfreundliche Oberfl\u00e4che.<\/div><\/li>\n<\/ul>\n\n\n<p><\/p>\n","protected":false},"excerpt":{"rendered":"","protected":false},"author":1,"featured_media":0,"parent":0,"menu_order":0,"comment_status":"closed","ping_status":"closed","template":"","meta":{"footnotes":""},"class_list":["post-175","page","type-page","status-publish","hentry"],"blocksy_meta":[],"_links":{"self":[{"href":"https:\/\/workshift.eu\/index.php\/wp-json\/wp\/v2\/pages\/175","targetHints":{"allow":["GET"]}}],"collection":[{"href":"https:\/\/workshift.eu\/index.php\/wp-json\/wp\/v2\/pages"}],"about":[{"href":"https:\/\/workshift.eu\/index.php\/wp-json\/wp\/v2\/types\/page"}],"author":[{"embeddable":true,"href":"https:\/\/workshift.eu\/index.php\/wp-json\/wp\/v2\/users\/1"}],"replies":[{"embeddable":true,"href":"https:\/\/workshift.eu\/index.php\/wp-json\/wp\/v2\/comments?post=175"}],"version-history":[{"count":5,"href":"https:\/\/workshift.eu\/index.php\/wp-json\/wp\/v2\/pages\/175\/revisions"}],"predecessor-version":[{"id":192,"href":"https:\/\/workshift.eu\/index.php\/wp-json\/wp\/v2\/pages\/175\/revisions\/192"}],"wp:attachment":[{"href":"https:\/\/workshift.eu\/index.php\/wp-json\/wp\/v2\/media?parent=175"}],"curies":[{"name":"wp","href":"https:\/\/api.w.org\/{rel}","templated":true}]}}